{"id":36653,"date":"2025-01-21T22:09:27","date_gmt":"2025-01-21T21:09:27","guid":{"rendered":"https:\/\/amadem.es\/tienda\/calcotada-solidaria\/"},"modified":"2025-01-21T22:09:27","modified_gmt":"2025-01-21T21:09:27","slug":"calcotada-solidaria","status":"publish","type":"product","link":"https:\/\/amadem.es\/ca\/tienda\/calcotada-solidaria\/","title":{"rendered":"Cal\u00e7otada Solid\u00e0ria"},"content":{"rendered":"<p><strong>DIUMENGE 6 d&#8217;ABRIL <\/strong><\/p>\n<p>DINAR, JOCS I M\u00daSICA<\/p>\n<p style=\"text-align: center;\">MEN\u00da<\/p>\n<p style=\"text-align: center;\">Entrants: Tabul\u00e9, amanida i coques<\/p>\n<p style=\"text-align: center;\">Principal: cal\u00e7ots i embotit<\/p>\n<p style=\"text-align: center;\">Postres, pa i aigua.<\/p>\n<p style=\"text-align: center;\">*MEN\u00da VEG\u00c0: \u00fanicament canvia l&#8217;embotit per falafel.<\/p>\n<p style=\"text-align: center;\">*MEN\u00da INFANTIL: nuggets, patates, postres, pa i aigua<\/p>\n<p>&nbsp;<\/p>\n<p>Cada grup haur\u00e0 de posar el <strong>mateix nom de taula<\/strong>. \u00c9s a dir, si les entrades es compren per separat, el nom del grup haur\u00e0 de ser el mateix. En el cas de no posar el mateix nom no podem assegurar que les taules estiguin juntes el dia de la Cal\u00e7otada.<\/p>\n<p>Les taules de menys de 6 persones s&#8217;ajuntaran a una altra taula de menys de 6 persones.<\/p>\n","protected":false},"excerpt":{"rendered":"<p>DIUMENGE 6 d&#8217;ABRIL DINAR, JOCS I M\u00daSICA MEN\u00da Entrants: Tabul\u00e9, amanida i coques Principal: cal\u00e7ots i embotit Postres, pa i aigua. *MEN\u00da VEG\u00c0: \u00fanicament canvia l&#8217;embotit per falafel. *MEN\u00da INFANTIL: nuggets, patates, postres, pa i aigua &nbsp; Cada grup haur\u00e0 de posar el mateix nom de taula. \u00c9s a dir, si les entrades es compren [&hellip;]<\/p>\n","protected":false},"featured_media":36483,"template":"","meta":[],"product_brand":[],"product_cat":[287],"product_tag":[],"class_list":{"0":"post-36653","1":"product","2":"type-product","3":"status-publish","4":"has-post-thumbnail","6":"product_cat-entrades-tiquets","7":"wcpa_has_options","9":"first","10":"onbackorder","11":"featured","12":"shipping-taxable","13":"purchasable","14":"product-type-variable"},"_links":{"self":[{"href":"https:\/\/amadem.es\/ca\/wp-json\/wp\/v2\/product\/36653","targetHints":{"allow":["GET"]}}],"collection":[{"href":"https:\/\/amadem.es\/ca\/wp-json\/wp\/v2\/product"}],"about":[{"href":"https:\/\/amadem.es\/ca\/wp-json\/wp\/v2\/types\/product"}],"wp:featuredmedia":[{"embeddable":true,"href":"https:\/\/amadem.es\/ca\/wp-json\/wp\/v2\/media\/36483"}],"wp:attachment":[{"href":"https:\/\/amadem.es\/ca\/wp-json\/wp\/v2\/media?parent=36653"}],"wp:term":[{"taxonomy":"product_brand","embeddable":true,"href":"https:\/\/amadem.es\/ca\/wp-json\/wp\/v2\/product_brand?post=36653"},{"taxonomy":"product_cat","embeddable":true,"href":"https:\/\/amadem.es\/ca\/wp-json\/wp\/v2\/product_cat?post=36653"},{"taxonomy":"product_tag","embeddable":true,"href":"https:\/\/amadem.es\/ca\/wp-json\/wp\/v2\/product_tag?post=36653"}],"curies":[{"name":"wp","href":"https:\/\/api.w.org\/{rel}","templated":true}]}}